{"id":14,"date":"2021-08-04T16:31:03","date_gmt":"2021-08-04T14:31:03","guid":{"rendered":"http:\/\/eliteyachting.com\/barche-ad-hoc\/?page_id=14"},"modified":"2021-09-29T17:07:47","modified_gmt":"2021-09-29T15:07:47","slug":"about-us","status":"publish","type":"page","link":"https:\/\/eliteyachting.com\/barche-ad-hoc\/about-us\/","title":{"rendered":"Chi Siamo"},"content":{"rendered":"<p><\/p>\n<p style=\"text-align: justify;\">I tuoi bisogni, la nostra priorit\u00e0: precisione, efficenza, alta qualit\u00e0. Elite Yachting \u00e8 nata con un obbiettivo specifico: rendere la tua vita a bordo un\u2019esperienza migliore.<span class=\"Apple-converted-space\"><br \/>\n<\/span>Di qualsiasi cosa tu abbia bisogno, Elite Yachting \u00e8 qui per aiutarti con l\u2019ambizione di semplificare le tue giornate in barca cos\u00ec che tu possa semplicemente spendere pi\u00f9 tempo possibile divertendoti sul tuo yacht.<span class=\"Apple-converted-space\"><br \/>\n<\/span>La compagnia nasce ponendosi l&#8217;obiettivo di fornire un servizio di qualit\u00e0 elevata, prestando massima attenzione ai minimi dettagli ed alla cura del cliente con un range di servizi che vanno dalla manutenzione generale ai charter giornalieri, dall\u2019assistenza per il restyling del tuo yacht al trasferimento di imbarcazioni o all\u2019organizzazione di eventi a bordo giusto per menzionarne alcuni.<br \/>\nElite Yachting ha la sua sede in Imperia, opera in tutta la Liguria ed ha connessioni su tutto il territorio italiano.<span class=\"Apple-converted-space\"><br \/>\n<\/span>Visita i nostri servizi per saperne di pi\u00f9.<\/p>\n<p><\/p>","protected":false},"excerpt":{"rendered":"<p>I tuoi bisogni, la nostra priorit\u00e0: precisione, efficenza, alta qualit\u00e0. Elite Yachting \u00e8 nata con un obbiettivo specifico: rendere la tua vita a bordo un\u2019esperienza migliore. Di qualsiasi cosa tu abbia bisogno, Elite Yachting \u00e8 qui per aiutarti con l\u2019ambizione di semplificare le tue giornate in barca cos\u00ec che tu possa semplicemente spendere pi\u00f9 tempo [&hellip;]<\/p>\n","protected":false},"author":1,"featured_media":0,"parent":0,"menu_order":0,"comment_status":"closed","ping_status":"closed","template":"template-about-us.php","meta":{"footnotes":""},"class_list":["post-14","page","type-page","status-publish","hentry"],"acf":[],"yoast_head":"<!-- This site is optimized with the Yoast SEO plugin v27.4 - https:\/\/yoast.com\/product\/yoast-seo-wordpress\/ -->\n<title>Informazioni su Elite Yachting Boat Services - About Us<\/title>\n<meta name=\"description\" content=\"Elite Yachting \u00e8 qui per prendersi cura di ogni aspetto della tua barca cos\u00ec che tu possa spendere pi\u00f9 tempo possibile divertendoti sul tuo yacht.\" \/>\n<meta name=\"robots\" content=\"index, follow, max-snippet:-1, max-image-preview:large, max-video-preview:-1\" \/>\n<link rel=\"canonical\" href=\"https:\/\/eliteyachting.com\/barche-ad-hoc\/about-us\/\" \/>\n<meta property=\"og:locale\" content=\"it_IT\" \/>\n<meta property=\"og:type\" content=\"article\" \/>\n<meta property=\"og:title\" content=\"Informazioni su Elite Yachting Boat Services - About Us\" \/>\n<meta property=\"og:description\" content=\"Elite Yachting \u00e8 qui per prendersi cura di ogni aspetto della tua barca cos\u00ec che tu possa spendere pi\u00f9 tempo possibile divertendoti sul tuo yacht.\" \/>\n<meta property=\"og:url\" content=\"https:\/\/eliteyachting.com\/barche-ad-hoc\/en\/about-us\/\" \/>\n<meta property=\"og:site_name\" content=\"Elite Yachting\" \/>\n<meta property=\"article:modified_time\" content=\"2021-09-29T15:07:47+00:00\" \/>\n<meta name=\"twitter:card\" content=\"summary_large_image\" \/>\n<meta name=\"twitter:label1\" content=\"Tempo di lettura stimato\" \/>\n\t<meta name=\"twitter:data1\" content=\"1 minuto\" \/>\n<script type=\"application\/ld+json\" class=\"yoast-schema-graph\">{\"@context\":\"https:\\\/\\\/schema.org\",\"@graph\":[{\"@type\":[\"WebPage\",\"AboutPage\"],\"@id\":\"https:\\\/\\\/eliteyachting.com\\\/barche-ad-hoc\\\/en\\\/about-us\\\/\",\"url\":\"https:\\\/\\\/eliteyachting.com\\\/barche-ad-hoc\\\/en\\\/about-us\\\/\",\"name\":\"Informazioni su Elite Yachting Boat Services - About Us\",\"isPartOf\":{\"@id\":\"https:\\\/\\\/eliteyachting.com\\\/barche-ad-hoc\\\/#website\"},\"datePublished\":\"2021-08-04T14:31:03+00:00\",\"dateModified\":\"2021-09-29T15:07:47+00:00\",\"description\":\"Elite Yachting \u00e8 qui per prendersi cura di ogni aspetto della tua barca cos\u00ec che tu possa spendere pi\u00f9 tempo possibile divertendoti sul tuo yacht.\",\"breadcrumb\":{\"@id\":\"https:\\\/\\\/eliteyachting.com\\\/barche-ad-hoc\\\/en\\\/about-us\\\/#breadcrumb\"},\"inLanguage\":\"it-IT\",\"potentialAction\":[{\"@type\":\"ReadAction\",\"target\":[\"https:\\\/\\\/eliteyachting.com\\\/barche-ad-hoc\\\/en\\\/about-us\\\/\"]}]},{\"@type\":\"BreadcrumbList\",\"@id\":\"https:\\\/\\\/eliteyachting.com\\\/barche-ad-hoc\\\/en\\\/about-us\\\/#breadcrumb\",\"itemListElement\":[{\"@type\":\"ListItem\",\"position\":1,\"name\":\"Home\",\"item\":\"https:\\\/\\\/eliteyachting.com\\\/barche-ad-hoc\\\/\"},{\"@type\":\"ListItem\",\"position\":2,\"name\":\"About us\"}]},{\"@type\":\"WebSite\",\"@id\":\"https:\\\/\\\/eliteyachting.com\\\/barche-ad-hoc\\\/#website\",\"url\":\"https:\\\/\\\/eliteyachting.com\\\/barche-ad-hoc\\\/\",\"name\":\"Elite Yachting\",\"description\":\"Full Boat Services\",\"publisher\":{\"@id\":\"https:\\\/\\\/eliteyachting.com\\\/barche-ad-hoc\\\/#organization\"},\"potentialAction\":[{\"@type\":\"SearchAction\",\"target\":{\"@type\":\"EntryPoint\",\"urlTemplate\":\"https:\\\/\\\/eliteyachting.com\\\/barche-ad-hoc\\\/?s={search_term_string}\"},\"query-input\":{\"@type\":\"PropertyValueSpecification\",\"valueRequired\":true,\"valueName\":\"search_term_string\"}}],\"inLanguage\":\"it-IT\"},{\"@type\":\"Organization\",\"@id\":\"https:\\\/\\\/eliteyachting.com\\\/barche-ad-hoc\\\/#organization\",\"name\":\"Elite Yachting s.r.l.\",\"url\":\"https:\\\/\\\/eliteyachting.com\\\/barche-ad-hoc\\\/\",\"logo\":{\"@type\":\"ImageObject\",\"inLanguage\":\"it-IT\",\"@id\":\"https:\\\/\\\/eliteyachting.com\\\/barche-ad-hoc\\\/#\\\/schema\\\/logo\\\/image\\\/\",\"url\":\"https:\\\/\\\/www.eliteyachting.com\\\/wp-content\\\/uploads\\\/2021\\\/09\\\/Schermata-2021-09-26-alle-19.12.18.png\",\"contentUrl\":\"https:\\\/\\\/www.eliteyachting.com\\\/wp-content\\\/uploads\\\/2021\\\/09\\\/Schermata-2021-09-26-alle-19.12.18.png\",\"width\":1656,\"height\":1210,\"caption\":\"Elite Yachting s.r.l.\"},\"image\":{\"@id\":\"https:\\\/\\\/eliteyachting.com\\\/barche-ad-hoc\\\/#\\\/schema\\\/logo\\\/image\\\/\"}}]}<\/script>\n<!-- \/ Yoast SEO plugin. -->","yoast_head_json":{"title":"Informazioni su Elite Yachting Boat Services - About Us","description":"Elite Yachting \u00e8 qui per prendersi cura di ogni aspetto della tua barca cos\u00ec che tu possa spendere pi\u00f9 tempo possibile divertendoti sul tuo yacht.","robots":{"index":"index","follow":"follow","max-snippet":"max-snippet:-1","max-image-preview":"max-image-preview:large","max-video-preview":"max-video-preview:-1"},"canonical":"https:\/\/eliteyachting.com\/barche-ad-hoc\/about-us\/","og_locale":"it_IT","og_type":"article","og_title":"Informazioni su Elite Yachting Boat Services - About Us","og_description":"Elite Yachting \u00e8 qui per prendersi cura di ogni aspetto della tua barca cos\u00ec che tu possa spendere pi\u00f9 tempo possibile divertendoti sul tuo yacht.","og_url":"https:\/\/eliteyachting.com\/barche-ad-hoc\/en\/about-us\/","og_site_name":"Elite Yachting","article_modified_time":"2021-09-29T15:07:47+00:00","twitter_card":"summary_large_image","twitter_misc":{"Tempo di lettura stimato":"1 minuto"},"schema":{"@context":"https:\/\/schema.org","@graph":[{"@type":["WebPage","AboutPage"],"@id":"https:\/\/eliteyachting.com\/barche-ad-hoc\/en\/about-us\/","url":"https:\/\/eliteyachting.com\/barche-ad-hoc\/en\/about-us\/","name":"Informazioni su Elite Yachting Boat Services - About Us","isPartOf":{"@id":"https:\/\/eliteyachting.com\/barche-ad-hoc\/#website"},"datePublished":"2021-08-04T14:31:03+00:00","dateModified":"2021-09-29T15:07:47+00:00","description":"Elite Yachting \u00e8 qui per prendersi cura di ogni aspetto della tua barca cos\u00ec che tu possa spendere pi\u00f9 tempo possibile divertendoti sul tuo yacht.","breadcrumb":{"@id":"https:\/\/eliteyachting.com\/barche-ad-hoc\/en\/about-us\/#breadcrumb"},"inLanguage":"it-IT","potentialAction":[{"@type":"ReadAction","target":["https:\/\/eliteyachting.com\/barche-ad-hoc\/en\/about-us\/"]}]},{"@type":"BreadcrumbList","@id":"https:\/\/eliteyachting.com\/barche-ad-hoc\/en\/about-us\/#breadcrumb","itemListElement":[{"@type":"ListItem","position":1,"name":"Home","item":"https:\/\/eliteyachting.com\/barche-ad-hoc\/"},{"@type":"ListItem","position":2,"name":"About us"}]},{"@type":"WebSite","@id":"https:\/\/eliteyachting.com\/barche-ad-hoc\/#website","url":"https:\/\/eliteyachting.com\/barche-ad-hoc\/","name":"Elite Yachting","description":"Full Boat Services","publisher":{"@id":"https:\/\/eliteyachting.com\/barche-ad-hoc\/#organization"},"potentialAction":[{"@type":"SearchAction","target":{"@type":"EntryPoint","urlTemplate":"https:\/\/eliteyachting.com\/barche-ad-hoc\/?s={search_term_string}"},"query-input":{"@type":"PropertyValueSpecification","valueRequired":true,"valueName":"search_term_string"}}],"inLanguage":"it-IT"},{"@type":"Organization","@id":"https:\/\/eliteyachting.com\/barche-ad-hoc\/#organization","name":"Elite Yachting s.r.l.","url":"https:\/\/eliteyachting.com\/barche-ad-hoc\/","logo":{"@type":"ImageObject","inLanguage":"it-IT","@id":"https:\/\/eliteyachting.com\/barche-ad-hoc\/#\/schema\/logo\/image\/","url":"https:\/\/www.eliteyachting.com\/wp-content\/uploads\/2021\/09\/Schermata-2021-09-26-alle-19.12.18.png","contentUrl":"https:\/\/www.eliteyachting.com\/wp-content\/uploads\/2021\/09\/Schermata-2021-09-26-alle-19.12.18.png","width":1656,"height":1210,"caption":"Elite Yachting s.r.l."},"image":{"@id":"https:\/\/eliteyachting.com\/barche-ad-hoc\/#\/schema\/logo\/image\/"}}]}},"_links":{"self":[{"href":"https:\/\/eliteyachting.com\/barche-ad-hoc\/wp-json\/wp\/v2\/pages\/14","targetHints":{"allow":["GET"]}}],"collection":[{"href":"https:\/\/eliteyachting.com\/barche-ad-hoc\/wp-json\/wp\/v2\/pages"}],"about":[{"href":"https:\/\/eliteyachting.com\/barche-ad-hoc\/wp-json\/wp\/v2\/types\/page"}],"author":[{"embeddable":true,"href":"https:\/\/eliteyachting.com\/barche-ad-hoc\/wp-json\/wp\/v2\/users\/1"}],"replies":[{"embeddable":true,"href":"https:\/\/eliteyachting.com\/barche-ad-hoc\/wp-json\/wp\/v2\/comments?post=14"}],"version-history":[{"count":19,"href":"https:\/\/eliteyachting.com\/barche-ad-hoc\/wp-json\/wp\/v2\/pages\/14\/revisions"}],"predecessor-version":[{"id":397,"href":"https:\/\/eliteyachting.com\/barche-ad-hoc\/wp-json\/wp\/v2\/pages\/14\/revisions\/397"}],"wp:attachment":[{"href":"https:\/\/eliteyachting.com\/barche-ad-hoc\/wp-json\/wp\/v2\/media?parent=14"}],"curies":[{"name":"wp","href":"https:\/\/api.w.org\/{rel}","templated":true}]}}