{"id":14,"date":"2021-08-04T16:31:03","date_gmt":"2021-08-04T14:31:03","guid":{"rendered":"http:\/\/eliteyachting.com\/barche-ad-hoc\/?page_id=14"},"modified":"2021-09-29T17:07:47","modified_gmt":"2021-09-29T15:07:47","slug":"about-us","status":"publish","type":"page","link":"https:\/\/eliteyachting.com\/barche-ad-hoc\/en\/about-us\/","title":{"rendered":"About us"},"content":{"rendered":"<p><\/p>\n<p style=\"text-align: justify;\">Your needs, our priority: precision, efficiency, high quality. Elite Yachting was born with a specific purpose: making your life on board a better experience.<br \/>\nWhatever you need, Elite Yachting is here to help you, aiming to simplify your boating days by all means possible allowing you to spend more time enjoying life on your yacht.<br \/>\nThe Company aims to provide a quality service, attention to detail and care to the customer with an array of services, from general maintenance to daily charters, assistance in restyling your boat, yacht transfers or organizing an event on board to mention a few.<br \/>\nBased in Imperia, the company operates in all the Liguria area and has connections all over Italy.<\/p>\n<p>Check our <a href=\"https:\/\/www.nerv.srl\/anteprima\/barche\/services\/\">services page<\/a> to know more.<\/p>","protected":false},"excerpt":{"rendered":"<p>Your needs, our priority: precision, efficiency, high quality. Elite Yachting was born with a specific purpose: making your life on board a better experience. Whatever you need, Elite Yachting is here to help you, aiming to simplify your boating days by all means possible allowing you to spend more time enjoying life on your yacht. [&hellip;]<\/p>\n","protected":false},"author":1,"featured_media":0,"parent":0,"menu_order":0,"comment_status":"closed","ping_status":"closed","template":"template-about-us.php","meta":{"footnotes":""},"class_list":["post-14","page","type-page","status-publish","hentry"],"acf":[],"yoast_head":"<!-- This site is optimized with the Yoast SEO plugin v27.4 - https:\/\/yoast.com\/product\/yoast-seo-wordpress\/ -->\n<title>Informazioni su Elite Yachting Boat Services - About Us<\/title>\n<meta name=\"description\" content=\"Elite Yachting \u00e8 qui per prendersi cura di ogni aspetto della tua barca cos\u00ec che tu possa spendere pi\u00f9 tempo possibile divertendoti sul tuo yacht.\" \/>\n<meta name=\"robots\" content=\"index, follow, max-snippet:-1, max-image-preview:large, max-video-preview:-1\" \/>\n<link rel=\"canonical\" href=\"https:\/\/eliteyachting.com\/barche-ad-hoc\/en\/about-us\/\" \/>\n<meta property=\"og:locale\" content=\"en_US\" \/>\n<meta property=\"og:type\" content=\"article\" \/>\n<meta property=\"og:title\" content=\"Informazioni su Elite Yachting Boat Services - About Us\" \/>\n<meta property=\"og:description\" content=\"Elite Yachting \u00e8 qui per prendersi cura di ogni aspetto della tua barca cos\u00ec che tu possa spendere pi\u00f9 tempo possibile divertendoti sul tuo yacht.\" \/>\n<meta property=\"og:url\" content=\"https:\/\/eliteyachting.com\/barche-ad-hoc\/en\/about-us\/\" \/>\n<meta property=\"og:site_name\" content=\"Elite Yachting\" \/>\n<meta property=\"article:modified_time\" content=\"2021-09-29T15:07:47+00:00\" \/>\n<meta name=\"twitter:card\" content=\"summary_large_image\" \/>\n<meta name=\"twitter:label1\" content=\"Est. reading time\" \/>\n\t<meta name=\"twitter:data1\" content=\"1 minute\" \/>\n<script type=\"application\/ld+json\" class=\"yoast-schema-graph\">{\"@context\":\"https:\\\/\\\/schema.org\",\"@graph\":[{\"@type\":[\"WebPage\",\"AboutPage\"],\"@id\":\"https:\\\/\\\/eliteyachting.com\\\/barche-ad-hoc\\\/en\\\/about-us\\\/\",\"url\":\"https:\\\/\\\/eliteyachting.com\\\/barche-ad-hoc\\\/en\\\/about-us\\\/\",\"name\":\"Informazioni su Elite Yachting Boat Services - About Us\",\"isPartOf\":{\"@id\":\"https:\\\/\\\/eliteyachting.com\\\/barche-ad-hoc\\\/#website\"},\"datePublished\":\"2021-08-04T14:31:03+00:00\",\"dateModified\":\"2021-09-29T15:07:47+00:00\",\"description\":\"Elite Yachting \u00e8 qui per prendersi cura di ogni aspetto della tua barca cos\u00ec che tu possa spendere pi\u00f9 tempo possibile divertendoti sul tuo yacht.\",\"breadcrumb\":{\"@id\":\"https:\\\/\\\/eliteyachting.com\\\/barche-ad-hoc\\\/en\\\/about-us\\\/#breadcrumb\"},\"inLanguage\":\"en-US\",\"potentialAction\":[{\"@type\":\"ReadAction\",\"target\":[\"https:\\\/\\\/eliteyachting.com\\\/barche-ad-hoc\\\/en\\\/about-us\\\/\"]}]},{\"@type\":\"BreadcrumbList\",\"@id\":\"https:\\\/\\\/eliteyachting.com\\\/barche-ad-hoc\\\/en\\\/about-us\\\/#breadcrumb\",\"itemListElement\":[{\"@type\":\"ListItem\",\"position\":1,\"name\":\"Home\",\"item\":\"https:\\\/\\\/eliteyachting.com\\\/barche-ad-hoc\\\/\"},{\"@type\":\"ListItem\",\"position\":2,\"name\":\"About us\"}]},{\"@type\":\"WebSite\",\"@id\":\"https:\\\/\\\/eliteyachting.com\\\/barche-ad-hoc\\\/#website\",\"url\":\"https:\\\/\\\/eliteyachting.com\\\/barche-ad-hoc\\\/\",\"name\":\"Elite Yachting\",\"description\":\"(Italiano) Full Boat Services\",\"publisher\":{\"@id\":\"https:\\\/\\\/eliteyachting.com\\\/barche-ad-hoc\\\/#organization\"},\"potentialAction\":[{\"@type\":\"SearchAction\",\"target\":{\"@type\":\"EntryPoint\",\"urlTemplate\":\"https:\\\/\\\/eliteyachting.com\\\/barche-ad-hoc\\\/?s={search_term_string}\"},\"query-input\":{\"@type\":\"PropertyValueSpecification\",\"valueRequired\":true,\"valueName\":\"search_term_string\"}}],\"inLanguage\":\"en-US\"},{\"@type\":\"Organization\",\"@id\":\"https:\\\/\\\/eliteyachting.com\\\/barche-ad-hoc\\\/#organization\",\"name\":\"(Italiano) Elite Yachting s.r.l.\",\"url\":\"https:\\\/\\\/eliteyachting.com\\\/barche-ad-hoc\\\/\",\"logo\":{\"@type\":\"ImageObject\",\"inLanguage\":\"en-US\",\"@id\":\"https:\\\/\\\/eliteyachting.com\\\/barche-ad-hoc\\\/#\\\/schema\\\/logo\\\/image\\\/\",\"url\":\"https:\\\/\\\/www.eliteyachting.com\\\/wp-content\\\/uploads\\\/2021\\\/09\\\/Schermata-2021-09-26-alle-19.12.18.png\",\"contentUrl\":\"https:\\\/\\\/www.eliteyachting.com\\\/wp-content\\\/uploads\\\/2021\\\/09\\\/Schermata-2021-09-26-alle-19.12.18.png\",\"width\":1656,\"height\":1210,\"caption\":\"(Italiano) Elite Yachting s.r.l.\"},\"image\":{\"@id\":\"https:\\\/\\\/eliteyachting.com\\\/barche-ad-hoc\\\/#\\\/schema\\\/logo\\\/image\\\/\"}}]}<\/script>\n<!-- \/ Yoast SEO plugin. -->","yoast_head_json":{"title":"Informazioni su Elite Yachting Boat Services - About Us","description":"Elite Yachting \u00e8 qui per prendersi cura di ogni aspetto della tua barca cos\u00ec che tu possa spendere pi\u00f9 tempo possibile divertendoti sul tuo yacht.","robots":{"index":"index","follow":"follow","max-snippet":"max-snippet:-1","max-image-preview":"max-image-preview:large","max-video-preview":"max-video-preview:-1"},"canonical":"https:\/\/eliteyachting.com\/barche-ad-hoc\/en\/about-us\/","og_locale":"en_US","og_type":"article","og_title":"Informazioni su Elite Yachting Boat Services - About Us","og_description":"Elite Yachting \u00e8 qui per prendersi cura di ogni aspetto della tua barca cos\u00ec che tu possa spendere pi\u00f9 tempo possibile divertendoti sul tuo yacht.","og_url":"https:\/\/eliteyachting.com\/barche-ad-hoc\/en\/about-us\/","og_site_name":"Elite Yachting","article_modified_time":"2021-09-29T15:07:47+00:00","twitter_card":"summary_large_image","twitter_misc":{"Est. reading time":"1 minute"},"schema":{"@context":"https:\/\/schema.org","@graph":[{"@type":["WebPage","AboutPage"],"@id":"https:\/\/eliteyachting.com\/barche-ad-hoc\/en\/about-us\/","url":"https:\/\/eliteyachting.com\/barche-ad-hoc\/en\/about-us\/","name":"Informazioni su Elite Yachting Boat Services - About Us","isPartOf":{"@id":"https:\/\/eliteyachting.com\/barche-ad-hoc\/#website"},"datePublished":"2021-08-04T14:31:03+00:00","dateModified":"2021-09-29T15:07:47+00:00","description":"Elite Yachting \u00e8 qui per prendersi cura di ogni aspetto della tua barca cos\u00ec che tu possa spendere pi\u00f9 tempo possibile divertendoti sul tuo yacht.","breadcrumb":{"@id":"https:\/\/eliteyachting.com\/barche-ad-hoc\/en\/about-us\/#breadcrumb"},"inLanguage":"en-US","potentialAction":[{"@type":"ReadAction","target":["https:\/\/eliteyachting.com\/barche-ad-hoc\/en\/about-us\/"]}]},{"@type":"BreadcrumbList","@id":"https:\/\/eliteyachting.com\/barche-ad-hoc\/en\/about-us\/#breadcrumb","itemListElement":[{"@type":"ListItem","position":1,"name":"Home","item":"https:\/\/eliteyachting.com\/barche-ad-hoc\/"},{"@type":"ListItem","position":2,"name":"About us"}]},{"@type":"WebSite","@id":"https:\/\/eliteyachting.com\/barche-ad-hoc\/#website","url":"https:\/\/eliteyachting.com\/barche-ad-hoc\/","name":"Elite Yachting","description":"(Italiano) Full Boat Services","publisher":{"@id":"https:\/\/eliteyachting.com\/barche-ad-hoc\/#organization"},"potentialAction":[{"@type":"SearchAction","target":{"@type":"EntryPoint","urlTemplate":"https:\/\/eliteyachting.com\/barche-ad-hoc\/?s={search_term_string}"},"query-input":{"@type":"PropertyValueSpecification","valueRequired":true,"valueName":"search_term_string"}}],"inLanguage":"en-US"},{"@type":"Organization","@id":"https:\/\/eliteyachting.com\/barche-ad-hoc\/#organization","name":"(Italiano) Elite Yachting s.r.l.","url":"https:\/\/eliteyachting.com\/barche-ad-hoc\/","logo":{"@type":"ImageObject","inLanguage":"en-US","@id":"https:\/\/eliteyachting.com\/barche-ad-hoc\/#\/schema\/logo\/image\/","url":"https:\/\/www.eliteyachting.com\/wp-content\/uploads\/2021\/09\/Schermata-2021-09-26-alle-19.12.18.png","contentUrl":"https:\/\/www.eliteyachting.com\/wp-content\/uploads\/2021\/09\/Schermata-2021-09-26-alle-19.12.18.png","width":1656,"height":1210,"caption":"(Italiano) Elite Yachting s.r.l."},"image":{"@id":"https:\/\/eliteyachting.com\/barche-ad-hoc\/#\/schema\/logo\/image\/"}}]}},"_links":{"self":[{"href":"https:\/\/eliteyachting.com\/barche-ad-hoc\/en\/wp-json\/wp\/v2\/pages\/14","targetHints":{"allow":["GET"]}}],"collection":[{"href":"https:\/\/eliteyachting.com\/barche-ad-hoc\/en\/wp-json\/wp\/v2\/pages"}],"about":[{"href":"https:\/\/eliteyachting.com\/barche-ad-hoc\/en\/wp-json\/wp\/v2\/types\/page"}],"author":[{"embeddable":true,"href":"https:\/\/eliteyachting.com\/barche-ad-hoc\/en\/wp-json\/wp\/v2\/users\/1"}],"replies":[{"embeddable":true,"href":"https:\/\/eliteyachting.com\/barche-ad-hoc\/en\/wp-json\/wp\/v2\/comments?post=14"}],"version-history":[{"count":19,"href":"https:\/\/eliteyachting.com\/barche-ad-hoc\/en\/wp-json\/wp\/v2\/pages\/14\/revisions"}],"predecessor-version":[{"id":397,"href":"https:\/\/eliteyachting.com\/barche-ad-hoc\/en\/wp-json\/wp\/v2\/pages\/14\/revisions\/397"}],"wp:attachment":[{"href":"https:\/\/eliteyachting.com\/barche-ad-hoc\/en\/wp-json\/wp\/v2\/media?parent=14"}],"curies":[{"name":"wp","href":"https:\/\/api.w.org\/{rel}","templated":true}]}}